{"id":5290,"date":"2023-01-31T15:02:40","date_gmt":"2023-01-31T18:02:40","guid":{"rendered":"https:\/\/www.ucisecuatorianas.com\/seci\/"},"modified":"2023-04-11T12:11:47","modified_gmt":"2023-04-11T15:11:47","slug":"seci","status":"publish","type":"page","link":"https:\/\/www.ucisecuatorianas.com\/pt-br\/seci\/","title":{"rendered":"SECI"},"content":{"rendered":"\t\t<div data-elementor-type=\"wp-page\" data-elementor-id=\"5290\" class=\"elementor elementor-5290 elementor-5258\">\n\t\t\t\t\t\t\t\t\t<section class=\"elementor-section elementor-top-section elementor-element elementor-element-83ef479 elementor-section-boxed elementor-section-height-default elementor-section-height-default\" data-id=\"83ef479\" data-element_type=\"section\" data-settings=\"{&quot;background_background&quot;:&quot;slideshow&quot;,&quot;background_slideshow_gallery&quot;:[{&quot;id&quot;:4302,&quot;url&quot;:&quot;http:\\\/\\\/www.ucismexicanas.com\\\/wp-content\\\/uploads\\\/2022\\\/09\\\/TOPO.png&quot;}],&quot;background_slideshow_loop&quot;:&quot;yes&quot;,&quot;background_slideshow_slide_duration&quot;:5000,&quot;background_slideshow_slide_transition&quot;:&quot;fade&quot;,&quot;background_slideshow_transition_duration&quot;:500}\">\n\t\t\t\t\t\t<div class=\"elementor-container elementor-column-gap-no\">\n\t\t\t\t\t<div class=\"elementor-column elementor-col-50 elementor-top-column elementor-element elementor-element-89fe7da\" data-id=\"89fe7da\" data-element_type=\"column\">\n\t\t\t<div class=\"elementor-widget-wrap elementor-element-populated\">\n\t\t\t\t\t\t\t\t<div class=\"elementor-element elementor-element-041a5a8 elementor-widget elementor-widget-spacer\" data-id=\"041a5a8\" data-element_type=\"widget\" data-widget_type=\"spacer.default\">\n\t\t\t\t<div class=\"elementor-widget-container\">\n\t\t\t<style>\/*! elementor - v3.10.2 - 29-01-2023 *\/\n.elementor-column .elementor-spacer-inner{height:var(--spacer-size)}.e-con{--container-widget-width:100%}.e-con-inner>.elementor-widget-spacer,.e-con>.elementor-widget-spacer{width:var(--container-widget-width,var(--spacer-size));--align-self:var(--container-widget-align-self,initial);--flex-shrink:0}.e-con-inner>.elementor-widget-spacer>.elementor-widget-container,.e-con-inner>.elementor-widget-spacer>.elementor-widget-container>.elementor-spacer,.e-con>.elementor-widget-spacer>.elementor-widget-container,.e-con>.elementor-widget-spacer>.elementor-widget-container>.elementor-spacer{height:100%}.e-con-inner>.elementor-widget-spacer>.elementor-widget-container>.elementor-spacer>.elementor-spacer-inner,.e-con>.elementor-widget-spacer>.elementor-widget-container>.elementor-spacer>.elementor-spacer-inner{height:var(--container-widget-height,var(--spacer-size))}<\/style>\t\t<div class=\"elementor-spacer\">\n\t\t\t<div class=\"elementor-spacer-inner\"><\/div>\n\t\t<\/div>\n\t\t\t\t<\/div>\n\t\t\t\t<\/div>\n\t\t\t\t<div class=\"elementor-element elementor-element-7544812 elementor-widget elementor-widget-heading\" data-id=\"7544812\" data-element_type=\"widget\" data-widget_type=\"heading.default\">\n\t\t\t\t<div class=\"elementor-widget-container\">\n\t\t\t<style>\/*! elementor - v3.10.2 - 29-01-2023 *\/\n.elementor-heading-title{padding:0;margin:0;line-height:1}.elementor-widget-heading .elementor-heading-title[class*=elementor-size-]>a{color:inherit;font-size:inherit;line-height:inherit}.elementor-widget-heading .elementor-heading-title.elementor-size-small{font-size:15px}.elementor-widget-heading .elementor-heading-title.elementor-size-medium{font-size:19px}.elementor-widget-heading .elementor-heading-title.elementor-size-large{font-size:29px}.elementor-widget-heading .elementor-heading-title.elementor-size-xl{font-size:39px}.elementor-widget-heading .elementor-heading-title.elementor-size-xxl{font-size:59px}<\/style><h1 class=\"elementor-heading-title elementor-size-large\">Sociedade Equatoriana de Terapia Intensiva (SECI)<\/h1>\t\t<\/div>\n\t\t\t\t<\/div>\n\t\t\t\t<div class=\"elementor-element elementor-element-2c7958d elementor-widget elementor-widget-text-editor\" data-id=\"2c7958d\" data-element_type=\"widget\" data-widget_type=\"text-editor.default\">\n\t\t\t\t<div class=\"elementor-widget-container\">\n\t\t\t<style>\/*! elementor - v3.10.2 - 29-01-2023 *\/\n.elementor-widget-text-editor.elementor-drop-cap-view-stacked .elementor-drop-cap{background-color:#818a91;color:#fff}.elementor-widget-text-editor.elementor-drop-cap-view-framed .elementor-drop-cap{color:#818a91;border:3px solid;background-color:transparent}.elementor-widget-text-editor:not(.elementor-drop-cap-view-default) .elementor-drop-cap{margin-top:8px}.elementor-widget-text-editor:not(.elementor-drop-cap-view-default) .elementor-drop-cap-letter{width:1em;height:1em}.elementor-widget-text-editor .elementor-drop-cap{float:left;text-align:center;line-height:1;font-size:50px}.elementor-widget-text-editor .elementor-drop-cap-letter{display:inline-block}<\/style>\t\t\t\t<p>No in\u00edcio da d\u00e9cada de 70, foram estruturadas as Unidades de Terapia Intensiva do Equador. O crescimento foi lento at\u00e9 a d\u00e9cada seguinte, quando as unidades foram progressivamente adaptadas nos demais hospitais e cl\u00ednicas do pa\u00eds. Em 1974, a Unidade de Terapia Intensiva do IESS de Quito tornou-se a pioneira de uma incipiente organiza\u00e7\u00e3o da especialidade.<\/p>\n<p>No in\u00edcio da d\u00e9cada de 1980, precisamente no dia 10 de abril, 18 profissionais se reuniram no audit\u00f3rio do Hospital Geral das For\u00e7as Armadas de Quito: 13 eram de Quito, 4 de Guayaquil e 1 de Cuenca e resolveram formar a Sociedade Equatoriana de Terapia Intensiva. Nesta reuni\u00e3o, foi nomeada a primeira diretoria, presidida pelo Dr. Crist\u00f3bal Sarzosa (Pneumologista de Quito) e na Comiss\u00e3o de Estatuto foi designado presidente o Dr. Alberto Lasso (Anestesiologista de Quito). Somente em 25 de fevereiro de 1982, o Minist\u00e9rio da Sa\u00fade P\u00fablica, por meio do conv\u00eanio ministerial n\u00ba 358, aprovou a cria\u00e7\u00e3o da SOCIEDADE EQUATORIANA DE TERAPIA INTENSIVA (SECI).<\/p>\n<p>Inicialmente, os Estatutos da Sociedade adotaram as bases legais da Sociedade de Cirurgia, e neles estavam previstas uma Sociedade Nacional e a futura constitui\u00e7\u00e3o de n\u00facleos provinciais. Infelizmente, muitos anos se passaram, talvez at\u00e9 demais, para que a institucionalidade da SECI tomasse forma e se fortalecesse. S\u00f3 em 1993 que os Estatutos foram atualizados e modificados, seu nome mudou para Sociedade Equatoriana de Medicina Cr\u00edtica, e o primeiro Congresso Nacional foi realizado. Em 1995, o n\u00facleo de Azuay foi estabelecido. Ainda nesse ano, foram incorporados os neonatologistas pedi\u00e1tricos e foi aceita a participa\u00e7\u00e3o de enfermeiras dentro da organiza\u00e7\u00e3o.<\/p>\n<p>A Sociedade, ao longo dos anos, testemunhou a substitui\u00e7\u00e3o de boa parte dos seus primeiros promotores, agora envolvidos em outras especialidades e ao esfor\u00e7o e promo\u00e7\u00e3o de novos especialistas que come\u00e7am a chegar ao pa\u00eds. A balan\u00e7a, por\u00e9m, mostra desequil\u00edbrios e \u00e0s vezes reflete as situa\u00e7\u00f5es internas comuns \u00e0s institui\u00e7\u00f5es do pa\u00eds, caracterizadas por sinais de desarticula\u00e7\u00e3o regional, interesses circunstanciais, apatia administrativa e conflitos pessoais, tudo isso refletido em participa\u00e7\u00e3o diretiva autocr\u00e1tica, per\u00edodos excessivamente longos de cargos diretivos sem elei\u00e7\u00f5es, conflitos grupais e pouca proje\u00e7\u00e3o nacional.&nbsp;<\/p><p>Para mais informa\u00e7\u00f5es, acesse: <a href=\"https:\/\/sites.google.com\/view\/secipichincha\" target=\"_blank\" rel=\"noopener\">https:\/\/sites.google.com\/view\/secipichincha<\/a><\/p>\t\t\t\t\t\t<\/div>\n\t\t\t\t<\/div>\n\t\t\t\t\t<\/div>\n\t\t<\/div>\n\t\t\t\t<div class=\"elementor-column elementor-col-50 elementor-top-column elementor-element elementor-element-f3a0153\" data-id=\"f3a0153\" data-element_type=\"column\">\n\t\t\t<div class=\"elementor-widget-wrap elementor-element-populated\">\n\t\t\t\t\t\t\t\t<div class=\"elementor-element elementor-element-41d892a elementor-widget elementor-widget-spacer\" data-id=\"41d892a\" data-element_type=\"widget\" data-widget_type=\"spacer.default\">\n\t\t\t\t<div class=\"elementor-widget-container\">\n\t\t\t\t\t<div class=\"elementor-spacer\">\n\t\t\t<div class=\"elementor-spacer-inner\"><\/div>\n\t\t<\/div>\n\t\t\t\t<\/div>\n\t\t\t\t<\/div>\n\t\t\t\t<div class=\"elementor-element elementor-element-4621172 elementor-widget elementor-widget-spacer\" data-id=\"4621172\" data-element_type=\"widget\" data-widget_type=\"spacer.default\">\n\t\t\t\t<div class=\"elementor-widget-container\">\n\t\t\t\t\t<div class=\"elementor-spacer\">\n\t\t\t<div class=\"elementor-spacer-inner\"><\/div>\n\t\t<\/div>\n\t\t\t\t<\/div>\n\t\t\t\t<\/div>\n\t\t\t\t<div class=\"elementor-element elementor-element-b7b1e1f elementor-widget elementor-widget-image\" data-id=\"b7b1e1f\" data-element_type=\"widget\" data-widget_type=\"image.default\">\n\t\t\t\t<div class=\"elementor-widget-container\">\n\t\t\t<style>\/*! elementor - v3.10.2 - 29-01-2023 *\/\n.elementor-widget-image{text-align:center}.elementor-widget-image a{display:inline-block}.elementor-widget-image a img[src$=\".svg\"]{width:48px}.elementor-widget-image img{vertical-align:middle;display:inline-block}<\/style>\t\t\t\t\t\t\t\t\t\t\t\t<img decoding=\"async\" loading=\"lazy\" width=\"829\" height=\"244\" src=\"https:\/\/www.ucisecuatorianas.com\/wp-content\/uploads\/2023\/01\/SECI.jpg\" class=\"attachment-large size-large wp-image-5262\" alt=\"\" srcset=\"https:\/\/www.ucisecuatorianas.com\/wp-content\/uploads\/2023\/01\/SECI.jpg 829w, https:\/\/www.ucisecuatorianas.com\/wp-content\/uploads\/2023\/01\/SECI-300x88.jpg 300w, https:\/\/www.ucisecuatorianas.com\/wp-content\/uploads\/2023\/01\/SECI-768x226.jpg 768w\" sizes=\"(max-width: 829px) 100vw, 829px\" \/>\t\t\t\t\t\t\t\t\t\t\t\t\t\t\t<\/div>\n\t\t\t\t<\/div>\n\t\t\t\t\t<\/div>\n\t\t<\/div>\n\t\t\t\t\t\t\t<\/div>\n\t\t<\/section>\n\t\t\t\t<section class=\"elementor-section elementor-top-section elementor-element elementor-element-7040309 elementor-section-boxed elementor-section-height-default elementor-section-height-default\" data-id=\"7040309\" data-element_type=\"section\">\n\t\t\t\t\t\t<div class=\"elementor-container elementor-column-gap-default\">\n\t\t\t\t\t<div class=\"elementor-column elementor-col-100 elementor-top-column elementor-element elementor-element-9f98d18\" data-id=\"9f98d18\" data-element_type=\"column\">\n\t\t\t<div class=\"elementor-widget-wrap\">\n\t\t\t\t\t\t\t\t\t<\/div>\n\t\t<\/div>\n\t\t\t\t\t\t\t<\/div>\n\t\t<\/section>\n\t\t\t\t\t\t\t<\/div>\n\t\t","protected":false},"excerpt":{"rendered":"<p>Sociedade Equatoriana de Terapia Intensiva (SECI) No in\u00edcio da d\u00e9cada de 70, foram estruturadas as Unidades de Terapia Intensiva do Equador. O crescimento foi lento at\u00e9 a [&hellip;]<\/p>\n","protected":false},"author":1,"featured_media":0,"parent":0,"menu_order":0,"comment_status":"closed","ping_status":"closed","template":"tpl\/front-page.php","meta":[],"yoast_head":"<!-- This site is optimized with the Yoast SEO plugin v20.0 - https:\/\/yoast.com\/wordpress\/plugins\/seo\/ -->\r\n<title>SECI - UCIs Ecuatorianas<\/title>\r\n<meta name=\"robots\" content=\"noindex, follow, max-snippet:-1, max-image-preview:large, max-video-preview:-1\" \/>\r\n<meta property=\"og:locale\" content=\"pt_BR\" \/>\r\n<meta property=\"og:type\" content=\"article\" \/>\r\n<meta property=\"og:title\" content=\"SECI - UCIs Ecuatorianas\" \/>\r\n<meta property=\"og:description\" content=\"Sociedade Equatoriana de Terapia Intensiva (SECI) No in\u00edcio da d\u00e9cada de 70, foram estruturadas as Unidades de Terapia Intensiva do Equador. O crescimento foi lento at\u00e9 a [&hellip;]\" \/>\r\n<meta property=\"og:url\" content=\"https:\/\/www.ucisecuatorianas.com\/pt-br\/seci\/\" \/>\r\n<meta property=\"og:site_name\" content=\"UCIs Ecuatorianas\" \/>\r\n<meta property=\"article:modified_time\" content=\"2023-04-11T15:11:47+00:00\" \/>\r\n<meta property=\"og:image\" content=\"https:\/\/www.ucisecuatorianas.com\/wp-content\/uploads\/2023\/01\/SECI.jpg\" \/>\r\n<meta name=\"twitter:card\" content=\"summary_large_image\" \/>\r\n<meta name=\"twitter:label1\" content=\"Est. tempo de leitura\" \/>\n\t<meta name=\"twitter:data1\" content=\"3 minutos\" \/>\r\n<script type=\"application\/ld+json\" class=\"yoast-schema-graph\">{\"@context\":\"https:\/\/schema.org\",\"@graph\":[{\"@type\":\"WebPage\",\"@id\":\"https:\/\/www.ucisecuatorianas.com\/pt-br\/seci\/\",\"url\":\"https:\/\/www.ucisecuatorianas.com\/pt-br\/seci\/\",\"name\":\"SECI - UCIs Ecuatorianas\",\"isPartOf\":{\"@id\":\"https:\/\/www.ucisecuatorianas.com\/pt-br\/#website\"},\"datePublished\":\"2023-01-31T18:02:40+00:00\",\"dateModified\":\"2023-04-11T15:11:47+00:00\",\"breadcrumb\":{\"@id\":\"https:\/\/www.ucisecuatorianas.com\/pt-br\/seci\/#breadcrumb\"},\"inLanguage\":\"pt-BR\",\"potentialAction\":[{\"@type\":\"ReadAction\",\"target\":[\"https:\/\/www.ucisecuatorianas.com\/pt-br\/seci\/\"]}]},{\"@type\":\"BreadcrumbList\",\"@id\":\"https:\/\/www.ucisecuatorianas.com\/pt-br\/seci\/#breadcrumb\",\"itemListElement\":[{\"@type\":\"ListItem\",\"position\":1,\"name\":\"In\u00edcio\",\"item\":\"https:\/\/www.ucisecuatorianas.com\/pt-br\/\"},{\"@type\":\"ListItem\",\"position\":2,\"name\":\"SECI\"}]},{\"@type\":\"WebSite\",\"@id\":\"https:\/\/www.ucisecuatorianas.com\/pt-br\/#website\",\"url\":\"https:\/\/www.ucisecuatorianas.com\/pt-br\/\",\"name\":\"UCIs Ecuatorianas\",\"description\":\"El proyecto denominado UCIs Ecuatorianas tiene como objetivo caracterizar el perfil epidemiol\u00f3gico de las UCI ecuatorianas\",\"potentialAction\":[{\"@type\":\"SearchAction\",\"target\":{\"@type\":\"EntryPoint\",\"urlTemplate\":\"https:\/\/www.ucisecuatorianas.com\/pt-br\/?s={search_term_string}\"},\"query-input\":\"required name=search_term_string\"}],\"inLanguage\":\"pt-BR\"}]}<\/script>\r\n<!-- \/ Yoast SEO plugin. -->","yoast_head_json":{"title":"SECI - UCIs Ecuatorianas","robots":{"index":"noindex","follow":"follow","max-snippet":"max-snippet:-1","max-image-preview":"max-image-preview:large","max-video-preview":"max-video-preview:-1"},"og_locale":"pt_BR","og_type":"article","og_title":"SECI - UCIs Ecuatorianas","og_description":"Sociedade Equatoriana de Terapia Intensiva (SECI) No in\u00edcio da d\u00e9cada de 70, foram estruturadas as Unidades de Terapia Intensiva do Equador. O crescimento foi lento at\u00e9 a [&hellip;]","og_url":"https:\/\/www.ucisecuatorianas.com\/pt-br\/seci\/","og_site_name":"UCIs Ecuatorianas","article_modified_time":"2023-04-11T15:11:47+00:00","og_image":[{"url":"https:\/\/www.ucisecuatorianas.com\/wp-content\/uploads\/2023\/01\/SECI.jpg"}],"twitter_card":"summary_large_image","twitter_misc":{"Est. tempo de leitura":"3 minutos"},"schema":{"@context":"https:\/\/schema.org","@graph":[{"@type":"WebPage","@id":"https:\/\/www.ucisecuatorianas.com\/pt-br\/seci\/","url":"https:\/\/www.ucisecuatorianas.com\/pt-br\/seci\/","name":"SECI - UCIs Ecuatorianas","isPartOf":{"@id":"https:\/\/www.ucisecuatorianas.com\/pt-br\/#website"},"datePublished":"2023-01-31T18:02:40+00:00","dateModified":"2023-04-11T15:11:47+00:00","breadcrumb":{"@id":"https:\/\/www.ucisecuatorianas.com\/pt-br\/seci\/#breadcrumb"},"inLanguage":"pt-BR","potentialAction":[{"@type":"ReadAction","target":["https:\/\/www.ucisecuatorianas.com\/pt-br\/seci\/"]}]},{"@type":"BreadcrumbList","@id":"https:\/\/www.ucisecuatorianas.com\/pt-br\/seci\/#breadcrumb","itemListElement":[{"@type":"ListItem","position":1,"name":"In\u00edcio","item":"https:\/\/www.ucisecuatorianas.com\/pt-br\/"},{"@type":"ListItem","position":2,"name":"SECI"}]},{"@type":"WebSite","@id":"https:\/\/www.ucisecuatorianas.com\/pt-br\/#website","url":"https:\/\/www.ucisecuatorianas.com\/pt-br\/","name":"UCIs Ecuatorianas","description":"El proyecto denominado UCIs Ecuatorianas tiene como objetivo caracterizar el perfil epidemiol\u00f3gico de las UCI ecuatorianas","potentialAction":[{"@type":"SearchAction","target":{"@type":"EntryPoint","urlTemplate":"https:\/\/www.ucisecuatorianas.com\/pt-br\/?s={search_term_string}"},"query-input":"required name=search_term_string"}],"inLanguage":"pt-BR"}]}},"_links":{"self":[{"href":"https:\/\/www.ucisecuatorianas.com\/pt-br\/wp-json\/wp\/v2\/pages\/5290"}],"collection":[{"href":"https:\/\/www.ucisecuatorianas.com\/pt-br\/wp-json\/wp\/v2\/pages"}],"about":[{"href":"https:\/\/www.ucisecuatorianas.com\/pt-br\/wp-json\/wp\/v2\/types\/page"}],"author":[{"embeddable":true,"href":"https:\/\/www.ucisecuatorianas.com\/pt-br\/wp-json\/wp\/v2\/users\/1"}],"replies":[{"embeddable":true,"href":"https:\/\/www.ucisecuatorianas.com\/pt-br\/wp-json\/wp\/v2\/comments?post=5290"}],"version-history":[{"count":17,"href":"https:\/\/www.ucisecuatorianas.com\/pt-br\/wp-json\/wp\/v2\/pages\/5290\/revisions"}],"predecessor-version":[{"id":6006,"href":"https:\/\/www.ucisecuatorianas.com\/pt-br\/wp-json\/wp\/v2\/pages\/5290\/revisions\/6006"}],"wp:attachment":[{"href":"https:\/\/www.ucisecuatorianas.com\/pt-br\/wp-json\/wp\/v2\/media?parent=5290"}],"curies":[{"name":"wp","href":"https:\/\/api.w.org\/{rel}","templated":true}]}}